{"id":34,"date":"2021-06-21T15:46:08","date_gmt":"2021-06-21T12:46:08","guid":{"rendered":"https:\/\/laromaneasa.ro\/?page_id=34"},"modified":"2021-06-28T17:58:15","modified_gmt":"2021-06-28T14:58:15","slug":"despre-noi","status":"publish","type":"page","link":"https:\/\/laromaneasa.ro\/index.php\/despre-noi\/","title":{"rendered":"Despre noi"},"content":{"rendered":"<p>[et_pb_section fb_built=&#8221;1&#8243; custom_padding_last_edited=&#8221;off|desktop&#8221; admin_label=&#8221;Header Section&#8221; _builder_version=&#8221;4.9.7&#8243; use_background_color_gradient=&#8221;on&#8221; background_color_gradient_start=&#8221;#ffffff&#8221; background_color_gradient_end=&#8221;rgba(255,255,255,0)&#8221; background_color_gradient_overlays_image=&#8221;on&#8221; background_image=&#8221;https:\/\/laromaneasa.ro\/wp-content\/uploads\/2021\/06\/20200222_133258-scaled-e1624277515105.jpg&#8221; custom_padding=&#8221;8%|0px|0px|0px||&#8221; custom_padding_tablet=&#8221;320px|0px|0px|0px&#8221; box_shadow_style=&#8221;preset7&#8243; box_shadow_horizontal=&#8221;0px&#8221; box_shadow_vertical=&#8221;-180px&#8221; box_shadow_color=&#8221;#f9f9f9&#8243;][et_pb_row admin_label=&#8221;Header Row&#8221; _builder_version=&#8221;3.25&#8243;][et_pb_column type=&#8221;4_4&#8243; _builder_version=&#8221;3.25&#8243; custom_padding=&#8221;|||&#8221; custom_padding__hover=&#8221;|||&#8221;][et_pb_text _builder_version=&#8221;4.9.7&#8243; text_font=&#8221;Open Sans|600|||||||&#8221; text_font_size=&#8221;16px&#8221; text_line_height=&#8221;1.8em&#8221; header_font=&#8221;Gilda Display||||||||&#8221; header_font_size=&#8221;100px&#8221; header_letter_spacing=&#8221;2px&#8221; header_line_height=&#8221;1.4em&#8221; text_orientation=&#8221;center&#8221; max_width=&#8221;700px&#8221; module_alignment=&#8221;center&#8221; animation_style=&#8221;fade&#8221; header_font_size_tablet=&#8221;&#8221; header_font_size_phone=&#8221;52px&#8221; header_font_size_last_edited=&#8221;on|phone&#8221;]<\/p>\n<h1>La Rom\u00e2neasa<\/h1>\n<p>S\u0103 fie vreo 130 de ani, de c\u00e2nd Ileana Rom\u00e2neasa, o femeie d\u00e2rz\u0103 \u0219i puternic\u0103, asemeni multor maramure\u0219ence din istoria locului, \u0219i-a pus amprenta definitiv asupra S\u0103p\u00e2n\u021bei.<\/p>\n<p>[\/et_pb_text][\/et_pb_column][\/et_pb_row][et_pb_row column_structure=&#8221;1_3,1_3,1_3&#8243; make_equal=&#8221;on&#8221; admin_label=&#8221;Basic Info Row&#8221; _builder_version=&#8221;4.9.7&#8243; background_color=&#8221;#ffffff&#8221; custom_margin=&#8221;4.4%|auto||auto|false|false&#8221; custom_padding=&#8221;50px|5%|37px|5%||&#8221; border_radii=&#8221;on|5px|5px|5px|5px&#8221;][et_pb_column type=&#8221;1_3&#8243; _builder_version=&#8221;3.25&#8243; custom_padding=&#8221;|||&#8221; custom_padding__hover=&#8221;|||&#8221;][et_pb_blurb title=&#8221;ILEANA ROM\u00e2nEASA (centru) str\u0103bunica tudosia (st\u00e2nga)&#8221; image=&#8221;https:\/\/laromaneasa.ro\/wp-content\/uploads\/2021\/06\/romaneasa-si-strabunica-Todosia.jpeg&#8221; admin_label=&#8221;Basic Info&#8221; _builder_version=&#8221;4.9.7&#8243; header_level=&#8221;h6&#8243; header_font=&#8221;Oswald|||on|||||&#8221; header_font_size=&#8221;16px&#8221; header_letter_spacing=&#8221;2px&#8221; header_line_height=&#8221;1.7em&#8221; body_font=&#8221;Open Sans|600|||||||&#8221; text_orientation=&#8221;center&#8221; animation_style=&#8221;zoom&#8221; animation_intensity_zoom=&#8221;10%&#8221; animation=&#8221;off&#8221; border_radii_image=&#8221;on|20px|20px|20px|20px&#8221; box_shadow_style_image=&#8221;preset2&#8243;][\/et_pb_blurb][\/et_pb_column][et_pb_column type=&#8221;1_3&#8243; _builder_version=&#8221;3.25&#8243; custom_padding=&#8221;|||&#8221; custom_padding__hover=&#8221;|||&#8221;][et_pb_blurb title=&#8221;BUNICA ILEANA&#8221; image=&#8221;https:\/\/laromaneasa.ro\/wp-content\/uploads\/2021\/06\/bunica-Ileana.jpeg&#8221; admin_label=&#8221;Basic Info&#8221; _builder_version=&#8221;4.9.7&#8243; header_level=&#8221;h6&#8243; header_font=&#8221;Oswald|||on|||||&#8221; header_font_size=&#8221;16px&#8221; header_letter_spacing=&#8221;2px&#8221; header_line_height=&#8221;1.7em&#8221; body_font=&#8221;Open Sans|600|||||||&#8221; text_orientation=&#8221;center&#8221; animation_style=&#8221;zoom&#8221; animation_delay=&#8221;100ms&#8221; animation_intensity_zoom=&#8221;10%&#8221; animation=&#8221;off&#8221; border_radii_image=&#8221;on|20px|20px|20px|20px&#8221;][\/et_pb_blurb][\/et_pb_column][et_pb_column type=&#8221;1_3&#8243; _builder_version=&#8221;3.25&#8243; custom_padding=&#8221;|||&#8221; custom_padding__hover=&#8221;|||&#8221;][et_pb_blurb title=&#8221;DINTRE UlTIMELE ROM\u00e2NESE&#8221; image=&#8221;https:\/\/laromaneasa.ro\/wp-content\/uploads\/2021\/06\/ultimele-romanese.jpeg&#8221; admin_label=&#8221;Basic Info&#8221; _builder_version=&#8221;4.9.7&#8243; header_level=&#8221;h6&#8243; header_font=&#8221;Oswald|||on|||||&#8221; header_font_size=&#8221;16px&#8221; header_letter_spacing=&#8221;2px&#8221; header_line_height=&#8221;1.7em&#8221; body_font=&#8221;Open Sans|600|||||||&#8221; text_orientation=&#8221;center&#8221; animation_style=&#8221;zoom&#8221; animation_delay=&#8221;200ms&#8221; animation_intensity_zoom=&#8221;10%&#8221; animation=&#8221;off&#8221; border_radii_image=&#8221;on|20px|20px|20px|20px&#8221;][\/et_pb_blurb][\/et_pb_column][\/et_pb_row][\/et_pb_section][et_pb_section fb_built=&#8221;1&#8243; admin_label=&#8221;About Us Section&#8221; _builder_version=&#8221;3.22&#8243; background_color=&#8221;#e5e9ec&#8221; use_background_color_gradient=&#8221;on&#8221; background_color_gradient_start=&#8221;#f9f9f9&#8243; background_color_gradient_end=&#8221;#e5e9ec&#8221; background_color_gradient_end_position=&#8221;53%&#8221; background_color_gradient_overlays_image=&#8221;on&#8221; background_position=&#8221;bottom_center&#8221; custom_padding=&#8221;3px|0px|100px|0px||&#8221;][et_pb_row column_structure=&#8221;1_2,1_2&#8243; admin_label=&#8221;Introduction Row&#8221; _builder_version=&#8221;3.25&#8243; custom_padding=&#8221;7px|0px|27px|0px||&#8221;][et_pb_column type=&#8221;1_2&#8243; _builder_version=&#8221;3.25&#8243; custom_padding=&#8221;|||&#8221; custom_padding__hover=&#8221;|||&#8221;][et_pb_text admin_label=&#8221;Review&#8221; _builder_version=&#8221;4.9.7&#8243; text_font=&#8221;Open Sans|600|||||||&#8221; text_text_color=&#8221;#6B6B6B&#8221; text_font_size=&#8221;16px&#8221; text_line_height=&#8221;1.8em&#8221; header_font=&#8221;||||||||&#8221; header_2_font=&#8221;||||||||&#8221; header_3_font=&#8221;||||||||&#8221; header_6_font=&#8221;Oswald|500||on|||||&#8221; header_6_text_color=&#8221;rgba(0,0,0,0.4)&#8221; header_6_letter_spacing=&#8221;2px&#8221; header_6_line_height=&#8221;1.7em&#8221; text_orientation=&#8221;justified&#8221; background_layout=&#8221;dark&#8221; module_alignment=&#8221;center&#8221; custom_margin=&#8221;|||&#8221; custom_margin_tablet=&#8221;0px|||&#8221; custom_margin_phone=&#8221;|||&#8221; custom_margin_last_edited=&#8221;off|desktop&#8221; text_line_height_last_edited=&#8221;off|desktop&#8221;]<\/p>\n<p>B\u0103rbatul ei Iano\u0219 era bir\u0103u (primar) al satului, iar familia le era dintre cele mai bogate \u0219i respectate din zon\u0103. Casa lor era singura din sat cu funda\u021bie \u0219i cu podele, pere\u021bii find lucra\u021bi manual \u00een lemn de stejar, adus din propriile p\u0103duri.<\/p>\n<p>Rom\u00e2neasa a fost cea care a donat parohiei din sat terenul pe care ast\u0103zi se \u00eenal\u021b\u0103 m\u00e2ndr\u0103 biserica \u0219i l\u00e2ng\u0103 care se \u00eentinde faimosul Cimitir Vesel din S\u0103p\u00e2n\u021ba.\u00a0<\/p>\n<p>\u00cen urma stra\u0219nicei femei \u0219i a bir\u0103ului a r\u0103mas o avere, const\u00e2nd \u00een principal din propriet\u0103\u021bi pe raza satului, care \u00eens\u0103, peste ani, \u00a0a fost na\u021bionalizat\u0103 de comuni\u0219ti. \u00cen urma Ilenei a r\u0103mas \u00eens\u0103 \u0219i altceva, mult mai important: un \u0219ir lung de Rom\u00e2nese, la fel de lupt\u0103toare ca ea, care i-au dus numele \u0219i faima p\u00e2n\u0103 \u00een zilele noastre. \u0218irul a pornit cu fiica ei Todosia, a continuat cu nepoata ei Ileana \u0219i apoi cu str\u0103nepoata Sia \u0219i str\u0103-str\u0103nepoata Alina.<\/p>\n<p>&nbsp;<\/p>\n<h6><\/h6>\n<p>[\/et_pb_text][\/et_pb_column][et_pb_column type=&#8221;1_2&#8243; _builder_version=&#8221;3.25&#8243; custom_padding=&#8221;|||&#8221; custom_padding__hover=&#8221;|||&#8221;][et_pb_text admin_label=&#8221;Paragraph&#8221; _builder_version=&#8221;4.9.7&#8243; text_font=&#8221;Open Sans|600|||||||&#8221; text_text_color=&#8221;#6B6B6B&#8221; text_font_size=&#8221;16px&#8221; text_line_height=&#8221;1.8em&#8221; header_font=&#8221;||||||||&#8221; header_2_font=&#8221;Oswald|||on|||||&#8221; header_2_text_color=&#8221;#000000&#8243; header_2_font_size=&#8221;45px&#8221; header_2_letter_spacing=&#8221;3px&#8221; header_2_line_height=&#8221;1.4em&#8221; text_orientation=&#8221;justified&#8221; module_alignment=&#8221;center&#8221; custom_margin=&#8221;|||&#8221; custom_margin_tablet=&#8221;0px|||&#8221; custom_margin_phone=&#8221;|||&#8221; custom_margin_last_edited=&#8221;off|desktop&#8221;]<\/p>\n<p>Istoria Rom\u00e2nesei \u0219i casa ei de 130 de ani au r\u0103mas vii prin numele acestor femei.<\/p>\n<p>Ast\u0103zi, locuin\u021ba de odinioar\u0103, cu multe bunuri p\u0103strate din acele vremuri, \u00eenconjurat\u0103 de o livad\u0103 minunat\u0103, grani\u021b\u0103 cu Cimitirul Vesel, a devenit un loc grozav unde turi\u0219tii poposesc pentru a afla povestea Rom\u00e2nesei, a S\u0103p\u00e2n\u021bei, a cimitirului \u0219i a altor atrac\u021bii din raza satului.<\/p>\n<p>Investi\u021bia \u00een actualul complex turistic a fost realizat\u0103 \u00een doar 9 luni \u0219i a fost posibil\u0103 numai datorit\u0103 sus\u021binerii \u0219i priceperii lui Cornel, tat\u0103l Alinei.<\/p>\n<p style=\"text-align: justify;\">Din 2021, La ROM\u00c2NEASA are por\u021bile deschise!<\/p>\n<p>[\/et_pb_text][\/et_pb_column][\/et_pb_row][\/et_pb_section][et_pb_section fb_built=&#8221;1&#8243; admin_label=&#8221;CTA&#8221; _builder_version=&#8221;4.9.7&#8243; background_image=&#8221;https:\/\/laromaneasa.ro\/wp-content\/uploads\/2021\/06\/dog-family-scaled.jpeg&#8221; parallax=&#8221;on&#8221; custom_margin=&#8221;|||&#8221; custom_padding=&#8221;0px|||&#8221;][et_pb_row custom_padding_last_edited=&#8221;on|tablet&#8221; module_class=&#8221; et_pb_row_fullwidth&#8221; _builder_version=&#8221;4.9.7&#8243; use_background_color_gradient=&#8221;on&#8221; background_color_gradient_start=&#8221;#ffffff&#8221; background_color_gradient_end=&#8221;rgba(255,255,255,0)&#8221; background_color_gradient_end_position=&#8221;22%&#8221; width=&#8221;100%&#8221; width_tablet=&#8221;100%&#8221; width_phone=&#8221;&#8221; width_last_edited=&#8221;on|desktop&#8221; max_width=&#8221;100%&#8221; max_width_tablet=&#8221;100%&#8221; max_width_phone=&#8221;&#8221; max_width_last_edited=&#8221;on|desktop&#8221; min_height=&#8221;1000px&#8221; custom_padding=&#8221;220px|0px|220px|0px&#8221; custom_padding_tablet=&#8221;0px|||&#8221; custom_padding_phone=&#8221;&#8221; make_fullwidth=&#8221;on&#8221;][et_pb_column type=&#8221;4_4&#8243; _builder_version=&#8221;3.25&#8243; custom_padding=&#8221;|||&#8221; custom_padding__hover=&#8221;|||&#8221;][et_pb_text admin_label=&#8221;CTA Section Title&#8221; _builder_version=&#8221;3.27.4&#8243; text_font=&#8221;||||&#8221; text_line_height=&#8221;1em&#8221; header_font=&#8221;Oswald|on||on|&#8221; header_text_align=&#8221;center&#8221; header_font_size=&#8221;60px&#8221; header_line_height=&#8221;1.3em&#8221; module_alignment=&#8221;center&#8221; custom_margin=&#8221;||60px|&#8221; custom_padding=&#8221;|||&#8221; animation_style=&#8221;slide&#8221; animation_direction=&#8221;top&#8221; animation_intensity_slide=&#8221;10%&#8221; locked=&#8221;off&#8221;]<\/p>\n<h1>ce mai a\u0219tep\u021bi?<\/h1>\n<p>[\/et_pb_text][et_pb_button button_url=&#8221;https:\/\/laromaneasa.ro\/index.php\/contact\/&#8221; button_text=&#8221;F\u0103 o rezervare!&#8221; button_alignment=&#8221;center&#8221; _builder_version=&#8221;4.9.7&#8243; custom_button=&#8221;on&#8221; button_text_color=&#8221;#ffffff&#8221; button_bg_color=&#8221;#ed4441&#8243; button_border_color=&#8221;#ed4441&#8243; button_border_radius=&#8221;0px&#8221; button_letter_spacing=&#8221;4px&#8221; button_font=&#8221;Oswald|on||on|&#8221; button_icon=&#8221;%%3%%&#8221; button_icon_color=&#8221;#1a1a1a&#8221; button_border_color_hover=&#8221;#1a1a1a&#8221; button_border_radius_hover=&#8221;0px&#8221; button_letter_spacing_hover=&#8221;4px&#8221; button_bg_color_hover=&#8221;rgba(0,0,0,0)&#8221; locked=&#8221;off&#8221; button_text_size__hover_enabled=&#8221;off&#8221; button_one_text_size__hover_enabled=&#8221;off&#8221; button_two_text_size__hover_enabled=&#8221;off&#8221; button_text_color__hover_enabled=&#8221;off&#8221; button_one_text_color__hover_enabled=&#8221;off&#8221; button_two_text_color__hover_enabled=&#8221;off&#8221; button_border_width__hover_enabled=&#8221;off&#8221; button_one_border_width__hover_enabled=&#8221;off&#8221; button_two_border_width__hover_enabled=&#8221;off&#8221; button_border_color__hover_enabled=&#8221;on&#8221; button_border_color__hover=&#8221;#1a1a1a&#8221; button_one_border_color__hover_enabled=&#8221;off&#8221; button_two_border_color__hover_enabled=&#8221;off&#8221; button_border_radius__hover_enabled=&#8221;on&#8221; button_border_radius__hover=&#8221;0px&#8221; button_one_border_radius__hover_enabled=&#8221;off&#8221; button_two_border_radius__hover_enabled=&#8221;off&#8221; button_letter_spacing__hover_enabled=&#8221;on&#8221; button_letter_spacing__hover=&#8221;4px&#8221; button_one_letter_spacing__hover_enabled=&#8221;off&#8221; button_two_letter_spacing__hover_enabled=&#8221;off&#8221; button_bg_color__hover_enabled=&#8221;on&#8221; button_bg_color__hover=&#8221;rgba(0,0,0,0)&#8221; button_one_bg_color__hover_enabled=&#8221;off&#8221; button_two_bg_color__hover_enabled=&#8221;off&#8221;][\/et_pb_button][\/et_pb_column][\/et_pb_row][\/et_pb_section][et_pb_section fb_built=&#8221;1&#8243; admin_label=&#8221;Footer Section&#8221; _builder_version=&#8221;3.22&#8243; background_color=&#8221;#000000&#8243; custom_padding=&#8221;52px|0px|45px|0px||&#8221; global_module=&#8221;158&#8243; saved_tabs=&#8221;all&#8221;][et_pb_row column_structure=&#8221;1_4,1_4,1_4,1_4&#8243; admin_label=&#8221;Footer Row&#8221; _builder_version=&#8221;3.25&#8243;][et_pb_column type=&#8221;1_4&#8243; _builder_version=&#8221;3.25&#8243; custom_padding=&#8221;|||&#8221; custom_padding__hover=&#8221;|||&#8221;][\/et_pb_column][et_pb_column type=&#8221;1_4&#8243; _builder_version=&#8221;3.25&#8243; custom_padding=&#8221;|||&#8221; custom_padding__hover=&#8221;|||&#8221;][et_pb_text admin_label=&#8221;Links&#8221; _builder_version=&#8221;4.9.7&#8243; text_font=&#8221;Open Sans|600|||||||&#8221; text_text_color=&#8221;#ffffff&#8221; text_line_height=&#8221;1.4em&#8221; link_font=&#8221;Open Sans|600|||||||&#8221; link_text_color=&#8221;#ffffff&#8221; link_line_height=&#8221;2.5em&#8221; header_font=&#8221;||||||||&#8221; header_2_font=&#8221;||||||||&#8221; header_3_font=&#8221;||||||||&#8221; header_6_font=&#8221;Oswald|500||on|||||&#8221; header_6_text_color=&#8221;rgba(255,255,255,0.4)&#8221; header_6_letter_spacing=&#8221;2px&#8221; header_6_line_height=&#8221;1.7em&#8221; background_layout=&#8221;dark&#8221; module_alignment=&#8221;center&#8221; custom_margin=&#8221;|||&#8221; custom_margin_tablet=&#8221;0px|||&#8221; custom_margin_phone=&#8221;|||&#8221; custom_margin_last_edited=&#8221;off|desktop&#8221; text_line_height_last_edited=&#8221;off|desktop&#8221;]<\/p>\n<h6>Pofti\u021bi pe la noi<\/h6>\n<p>Str Principal\u0103 403<\/p>\n<p>S\u0103p\u00e2n\u021ba, Maramure\u0219<\/p>\n<p>Rom\u00e2nia<\/p>\n<p>[\/et_pb_text][\/et_pb_column][et_pb_column type=&#8221;1_4&#8243; _builder_version=&#8221;3.25&#8243; custom_padding=&#8221;|||&#8221; custom_padding__hover=&#8221;|||&#8221;][et_pb_text admin_label=&#8221;Links&#8221; _builder_version=&#8221;3.27.4&#8243; text_font=&#8221;Open Sans|600|||||||&#8221; text_text_color=&#8221;#ffffff&#8221; text_line_height=&#8221;1.4em&#8221; link_font=&#8221;Open Sans|600|||||||&#8221; link_text_color=&#8221;#ffffff&#8221; link_line_height=&#8221;2.5em&#8221; header_font=&#8221;||||||||&#8221; header_2_font=&#8221;||||||||&#8221; header_3_font=&#8221;||||||||&#8221; header_6_font=&#8221;Oswald|500||on|||||&#8221; header_6_text_color=&#8221;rgba(255,255,255,0.4)&#8221; header_6_letter_spacing=&#8221;2px&#8221; header_6_line_height=&#8221;1.7em&#8221; background_layout=&#8221;dark&#8221; module_alignment=&#8221;center&#8221; custom_margin=&#8221;|||&#8221; custom_margin_tablet=&#8221;0px|||&#8221; custom_margin_phone=&#8221;|||&#8221; custom_margin_last_edited=&#8221;off|desktop&#8221; text_line_height_last_edited=&#8221;off|desktop&#8221;]<\/p>\n<h6>Contact\u00a0<\/h6>\n<p>+40 (748) 987-958<\/p>\n<p>info@laromaneasa.ro<\/p>\n<p>rezervari@laromaneasa.ro<\/p>\n<p>[\/et_pb_text][\/et_pb_column][et_pb_column type=&#8221;1_4&#8243; _builder_version=&#8221;3.25&#8243; custom_padding=&#8221;|||&#8221; custom_padding__hover=&#8221;|||&#8221;][et_pb_text admin_label=&#8221;Links&#8221; _builder_version=&#8221;3.27.4&#8243; text_font=&#8221;Open Sans|600|||||||&#8221; text_text_color=&#8221;#ffffff&#8221; text_line_height=&#8221;1.4em&#8221; link_font=&#8221;Open Sans|600|||||||&#8221; link_text_color=&#8221;#ffffff&#8221; link_line_height=&#8221;2.5em&#8221; header_font=&#8221;||||||||&#8221; header_2_font=&#8221;||||||||&#8221; header_3_font=&#8221;||||||||&#8221; header_6_font=&#8221;Oswald|500||on|||||&#8221; header_6_text_color=&#8221;rgba(255,255,255,0.4)&#8221; header_6_letter_spacing=&#8221;2px&#8221; header_6_line_height=&#8221;1.7em&#8221; background_layout=&#8221;dark&#8221; module_alignment=&#8221;center&#8221; custom_margin=&#8221;|||&#8221; custom_margin_tablet=&#8221;0px|||&#8221; custom_margin_phone=&#8221;|||&#8221; custom_margin_last_edited=&#8221;off|desktop&#8221; text_line_height_last_edited=&#8221;off|desktop&#8221;]<\/p>\n<h6>Open Hours<\/h6>\n<p>M-F: 11am &#8211; 7pm<\/p>\n<p>Sat: 10am &#8211; 7pm<\/p>\n<p>Sun: 10am &#8211; 5pm[\/et_pb_text][\/et_pb_column][\/et_pb_row][\/et_pb_section]<\/p>\n","protected":false},"excerpt":{"rendered":"<p>La Rom\u00e2neasa S\u0103 fie vreo 130 de ani, de c\u00e2nd Ileana Rom\u00e2neasa, o femeie d\u00e2rz\u0103 \u0219i puternic\u0103, asemeni multor maramure\u0219ence din istoria locului, \u0219i-a pus amprenta definitiv asupra S\u0103p\u00e2n\u021bei.B\u0103rbatul ei Iano\u0219 era bir\u0103u (primar) al satului, iar familia le era dintre cele mai bogate \u0219i respectate din zon\u0103. Casa lor era singura din sat cu [&hellip;]<\/p>\n","protected":false},"author":1,"featured_media":0,"parent":0,"menu_order":0,"comment_status":"closed","ping_status":"closed","template":"","meta":{"_et_pb_use_builder":"on","_et_pb_old_content":"","_et_gb_content_width":"","footnotes":""},"class_list":["post-34","page","type-page","status-publish","hentry"],"_links":{"self":[{"href":"https:\/\/laromaneasa.ro\/index.php\/wp-json\/wp\/v2\/pages\/34","targetHints":{"allow":["GET"]}}],"collection":[{"href":"https:\/\/laromaneasa.ro\/index.php\/wp-json\/wp\/v2\/pages"}],"about":[{"href":"https:\/\/laromaneasa.ro\/index.php\/wp-json\/wp\/v2\/types\/page"}],"author":[{"embeddable":true,"href":"https:\/\/laromaneasa.ro\/index.php\/wp-json\/wp\/v2\/users\/1"}],"replies":[{"embeddable":true,"href":"https:\/\/laromaneasa.ro\/index.php\/wp-json\/wp\/v2\/comments?post=34"}],"version-history":[{"count":24,"href":"https:\/\/laromaneasa.ro\/index.php\/wp-json\/wp\/v2\/pages\/34\/revisions"}],"predecessor-version":[{"id":418,"href":"https:\/\/laromaneasa.ro\/index.php\/wp-json\/wp\/v2\/pages\/34\/revisions\/418"}],"wp:attachment":[{"href":"https:\/\/laromaneasa.ro\/index.php\/wp-json\/wp\/v2\/media?parent=34"}],"curies":[{"name":"wp","href":"https:\/\/api.w.org\/{rel}","templated":true}]}}